{"id":1402,"date":"2024-02-23T11:57:43","date_gmt":"2024-02-23T14:57:43","guid":{"rendered":"https:\/\/rcsmetalurgica.com.br\/?page_id=1402"},"modified":"2024-02-23T13:25:26","modified_gmt":"2024-02-23T16:25:26","slug":"contato","status":"publish","type":"page","link":"https:\/\/rcsmetalurgica.com.br\/?page_id=1402","title":{"rendered":"contato"},"content":{"rendered":"","protected":false},"excerpt":{"rendered":"","protected":false},"author":1,"featured_media":0,"parent":0,"menu_order":0,"comment_status":"closed","ping_status":"closed","template":"full-width","meta":{"saved_in_kubio":true,"footnotes":""},"class_list":["post-1402","page","type-page","status-publish","hentry"],"kubio_ai_page_context":{"short_desc":"","purpose":"general"},"yoast_head":"<!-- This site is optimized with the Yoast SEO plugin v18.4.1 - https:\/\/yoast.com\/wordpress\/plugins\/seo\/ -->\n<title>contato - RCS Ind\u00fastria Meta\u00fargica<\/title>\n<meta name=\"robots\" content=\"index, follow, max-snippet:-1, max-image-preview:large, max-video-preview:-1\" \/>\n<link rel=\"canonical\" href=\"https:\/\/rcsmetalurgica.com.br\/?page_id=1402\" \/>\n<meta property=\"og:locale\" content=\"pt_BR\" \/>\n<meta property=\"og:type\" content=\"article\" \/>\n<meta property=\"og:title\" content=\"contato - RCS Ind\u00fastria Meta\u00fargica\" \/>\n<meta property=\"og:url\" content=\"https:\/\/rcsmetalurgica.com.br\/?page_id=1402\" \/>\n<meta property=\"og:site_name\" content=\"RCS Ind\u00fastria Meta\u00fargica\" \/>\n<meta property=\"article:modified_time\" content=\"2024-02-23T16:25:26+00:00\" \/>\n<meta name=\"twitter:card\" content=\"summary_large_image\" \/>\n<script type=\"application\/ld+json\" class=\"yoast-schema-graph\">{\"@context\":\"https:\/\/schema.org\",\"@graph\":[{\"@type\":\"WebSite\",\"@id\":\"https:\/\/rcsmetalurgica.com.br\/#website\",\"url\":\"https:\/\/rcsmetalurgica.com.br\/\",\"name\":\"RCS Ind\u00fastria Meta\u00fargica\",\"description\":\"RCS Metal\u00fargica. Fabrica\u00e7\u00e3o de engrenagens e acoplamentos; manuten\u00e7\u00e3o de redutores; usinagem em geral.\",\"potentialAction\":[{\"@type\":\"SearchAction\",\"target\":{\"@type\":\"EntryPoint\",\"urlTemplate\":\"https:\/\/rcsmetalurgica.com.br\/?s={search_term_string}\"},\"query-input\":\"required name=search_term_string\"}],\"inLanguage\":\"pt-BR\"},{\"@type\":\"WebPage\",\"@id\":\"https:\/\/rcsmetalurgica.com.br\/?page_id=1402#webpage\",\"url\":\"https:\/\/rcsmetalurgica.com.br\/?page_id=1402\",\"name\":\"contato - RCS Ind\u00fastria Meta\u00fargica\",\"isPartOf\":{\"@id\":\"https:\/\/rcsmetalurgica.com.br\/#website\"},\"datePublished\":\"2024-02-23T14:57:43+00:00\",\"dateModified\":\"2024-02-23T16:25:26+00:00\",\"breadcrumb\":{\"@id\":\"https:\/\/rcsmetalurgica.com.br\/?page_id=1402#breadcrumb\"},\"inLanguage\":\"pt-BR\",\"potentialAction\":[{\"@type\":\"ReadAction\",\"target\":[\"https:\/\/rcsmetalurgica.com.br\/?page_id=1402\"]}]},{\"@type\":\"BreadcrumbList\",\"@id\":\"https:\/\/rcsmetalurgica.com.br\/?page_id=1402#breadcrumb\",\"itemListElement\":[{\"@type\":\"ListItem\",\"position\":1,\"name\":\"In\u00edcio\",\"item\":\"https:\/\/rcsmetalurgica.com.br\/\"},{\"@type\":\"ListItem\",\"position\":2,\"name\":\"contato\"}]}]}<\/script>\n<!-- \/ Yoast SEO plugin. -->","yoast_head_json":{"title":"contato - RCS Ind\u00fastria Meta\u00fargica","robots":{"index":"index","follow":"follow","max-snippet":"max-snippet:-1","max-image-preview":"max-image-preview:large","max-video-preview":"max-video-preview:-1"},"canonical":"https:\/\/rcsmetalurgica.com.br\/?page_id=1402","og_locale":"pt_BR","og_type":"article","og_title":"contato - RCS Ind\u00fastria Meta\u00fargica","og_url":"https:\/\/rcsmetalurgica.com.br\/?page_id=1402","og_site_name":"RCS Ind\u00fastria Meta\u00fargica","article_modified_time":"2024-02-23T16:25:26+00:00","twitter_card":"summary_large_image","schema":{"@context":"https:\/\/schema.org","@graph":[{"@type":"WebSite","@id":"https:\/\/rcsmetalurgica.com.br\/#website","url":"https:\/\/rcsmetalurgica.com.br\/","name":"RCS Ind\u00fastria Meta\u00fargica","description":"RCS Metal\u00fargica. Fabrica\u00e7\u00e3o de engrenagens e acoplamentos; manuten\u00e7\u00e3o de redutores; usinagem em geral.","potentialAction":[{"@type":"SearchAction","target":{"@type":"EntryPoint","urlTemplate":"https:\/\/rcsmetalurgica.com.br\/?s={search_term_string}"},"query-input":"required name=search_term_string"}],"inLanguage":"pt-BR"},{"@type":"WebPage","@id":"https:\/\/rcsmetalurgica.com.br\/?page_id=1402#webpage","url":"https:\/\/rcsmetalurgica.com.br\/?page_id=1402","name":"contato - RCS Ind\u00fastria Meta\u00fargica","isPartOf":{"@id":"https:\/\/rcsmetalurgica.com.br\/#website"},"datePublished":"2024-02-23T14:57:43+00:00","dateModified":"2024-02-23T16:25:26+00:00","breadcrumb":{"@id":"https:\/\/rcsmetalurgica.com.br\/?page_id=1402#breadcrumb"},"inLanguage":"pt-BR","potentialAction":[{"@type":"ReadAction","target":["https:\/\/rcsmetalurgica.com.br\/?page_id=1402"]}]},{"@type":"BreadcrumbList","@id":"https:\/\/rcsmetalurgica.com.br\/?page_id=1402#breadcrumb","itemListElement":[{"@type":"ListItem","position":1,"name":"In\u00edcio","item":"https:\/\/rcsmetalurgica.com.br\/"},{"@type":"ListItem","position":2,"name":"contato"}]}]}},"_links":{"self":[{"href":"https:\/\/rcsmetalurgica.com.br\/index.php?rest_route=\/wp\/v2\/pages\/1402","targetHints":{"allow":["GET"]}}],"collection":[{"href":"https:\/\/rcsmetalurgica.com.br\/index.php?rest_route=\/wp\/v2\/pages"}],"about":[{"href":"https:\/\/rcsmetalurgica.com.br\/index.php?rest_route=\/wp\/v2\/types\/page"}],"author":[{"embeddable":true,"href":"https:\/\/rcsmetalurgica.com.br\/index.php?rest_route=\/wp\/v2\/users\/1"}],"replies":[{"embeddable":true,"href":"https:\/\/rcsmetalurgica.com.br\/index.php?rest_route=%2Fwp%2Fv2%2Fcomments&post=1402"}],"version-history":[{"count":2,"href":"https:\/\/rcsmetalurgica.com.br\/index.php?rest_route=\/wp\/v2\/pages\/1402\/revisions"}],"predecessor-version":[{"id":1434,"href":"https:\/\/rcsmetalurgica.com.br\/index.php?rest_route=\/wp\/v2\/pages\/1402\/revisions\/1434"}],"wp:attachment":[{"href":"https:\/\/rcsmetalurgica.com.br\/index.php?rest_route=%2Fwp%2Fv2%2Fmedia&parent=1402"}],"curies":[{"name":"wp","href":"https:\/\/api.w.org\/{rel}","templated":true}]}}